{"id":14292,"date":"2023-07-12T16:08:10","date_gmt":"2023-07-12T16:08:10","guid":{"rendered":"http:\/\/letrerosled.cl\/?post_type=product&#038;p=14292"},"modified":"2025-01-18T15:49:40","modified_gmt":"2025-01-18T15:49:40","slug":"pantalla-led-tipo-gabinete-96x96-cm-p6-para-exterior-e-interior","status":"publish","type":"product","link":"https:\/\/letrerosled.cl\/index.php\/producto\/pantalla-led-tipo-gabinete-96x96-cm-p6-para-exterior-e-interior\/","title":{"rendered":"PANTALLA LED TIPO GABINETE 96X96 CM P6 PARA EXTERIOR E INTERIOR"},"content":{"rendered":"<p>Pantalla LED P-6 Tipo Gabinete<\/p>\n<p>La Publicaci\u00f3n corresponde al panel unitario de Pantalla FULL-LED en P-6 de m\u00e1xima calidad exterior en gabinetes de alta resistencia para publicidad en v\u00eda publica de 96x96cm<\/p>\n<p>Caracter\u00edsticas del sistema:<br \/>\nDisponible para la conexi\u00f3n a un control externo, y la aceptaci\u00f3n de varias im\u00e1genes, gr\u00e1ficos y de escritura a mano<br \/>\nAcepta se\u00f1ales de v\u00eddeo (HDMI \u2013 LAN \u2013 WIFI), mostrando im\u00e1genes din\u00e1micas, tambi\u00e9n puede mostrar gr\u00e1ficos y animaciones.<br \/>\nLa computadora de control puede actuar como una estaci\u00f3n de trabajo en red, y leer datos en tiempo real desde el ordenador determinado, y mostrarlas en su pantalla.<br \/>\nExisten varios m\u00e9todos para programar im\u00e1genes, y facilitar el cambio de los programas preparados (incluyendo la secuencia de reproducci\u00f3n, el tiempo de duraci\u00f3n, etc)<\/p>\n<table width=\"650\">\n<tbody>\n<tr>\n<td width=\"275\">Pixel Pitch<\/td>\n<td width=\"284\">6mm<\/td>\n<\/tr>\n<tr>\n<td width=\"275\">Densidad de p\u00edxeles<\/td>\n<td width=\"284\">10000 puntos\/m 2<\/td>\n<\/tr>\n<tr>\n<td width=\"275\">Configuraci\u00f3n de Color<\/td>\n<td width=\"284\">RGB 3 en 1<\/td>\n<\/tr>\n<tr>\n<td width=\"275\">LED paquete<\/td>\n<td width=\"284\">SMD3535<\/td>\n<\/tr>\n<tr>\n<td width=\"275\">Tama\u00f1o del m\u00f3dulo<\/td>\n<td width=\"284\">192mmx192mm<\/td>\n<\/tr>\n<tr>\n<td width=\"275\">Modo de<\/td>\n<td width=\"284\">Escaneo 1\/8, corriente constante<\/td>\n<\/tr>\n<tr>\n<td width=\"275\">Distancia de visi\u00f3n<\/td>\n<td width=\"284\">10m-100m<\/td>\n<\/tr>\n<tr>\n<td width=\"275\">\u00c1ngulo de visi\u00f3n<\/td>\n<td width=\"284\">H: 120 \u00b0; V:120 \u00b0<\/td>\n<\/tr>\n<tr>\n<td width=\"275\">Tasa de actualizaci\u00f3n<\/td>\n<td width=\"284\">2000HZ<\/td>\n<\/tr>\n<tr>\n<td width=\"275\">Escala de grises<\/td>\n<td width=\"284\">Colores de 16,7 M (sincronizados)<\/td>\n<\/tr>\n<tr>\n<td width=\"275\">Temperatura de Color<\/td>\n<td width=\"284\">R.G.B brillo 256 nivel ajustable<\/td>\n<\/tr>\n<tr>\n<td width=\"275\">Potencia de entrada<\/td>\n<td width=\"284\">AC110V\/ 220V \u00b1 10 50HZ<\/td>\n<\/tr>\n<tr>\n<td width=\"275\">Avenida de consumo de energ\u00eda<\/td>\n<td width=\"284\">250W\/m 2<\/td>\n<\/tr>\n<tr>\n<td width=\"275\">Temperatura de trabajo<\/td>\n<td width=\"284\">-20 ~ + 65 grados<\/td>\n<\/tr>\n<tr>\n<td width=\"275\">Punto ciego de<\/td>\n<td width=\"284\">&lt;1\/10000<\/td>\n<\/tr>\n<tr>\n<td width=\"275\">MTBF<\/td>\n<td width=\"284\">&gt; 10.000 horas<\/td>\n<\/tr>\n<tr>\n<td width=\"275\">Impermeable<\/td>\n<td width=\"284\">IP65<\/td>\n<\/tr>\n<tr>\n<td width=\"275\">Humedad de funcionamiento<\/td>\n<td width=\"284\">10% ~ 95%<\/td>\n<\/tr>\n<\/tbody>\n<\/table>\n","protected":false},"excerpt":{"rendered":"<p>Pantalla LED P-6 Tipo Gabinete La Publicaci\u00f3n corresponde al panel unitario de Pantalla FULL-LED en P-6 de m\u00e1xima calidad exterior en gabinetes de alta resistencia para publicidad en v\u00eda publica de 96x96cm Caracter\u00edsticas del sistema: Disponible para la conexi\u00f3n a un control externo, y la aceptaci\u00f3n de varias im\u00e1genes, gr\u00e1ficos y de escritura a mano [&hellip;]<\/p>\n","protected":false},"featured_media":1072,"comment_status":"closed","ping_status":"closed","template":"","meta":{"site-sidebar-layout":"default","site-content-layout":"default","ast-site-content-layout":"default","site-content-style":"default","site-sidebar-style":"default","ast-global-header-display":"","ast-banner-title-visibility":"","ast-main-header-display":"","ast-hfb-above-header-display":"","ast-hfb-below-header-display":"","ast-hfb-mobile-header-display":"","site-post-title":"","ast-breadcrumbs-content":"","ast-featured-img":"","footer-sml-layout":"","theme-transparent-header-meta":"default","adv-header-id-meta":"","stick-header-meta":"","header-above-stick-meta":"","header-main-stick-meta":"","header-below-stick-meta":"","astra-migrate-meta-layouts":"default","ast-page-background-enabled":"default","ast-page-background-meta":{"desktop":{"background-color":"var(--ast-global-color-4)","background-image":"","background-repeat":"repeat","background-position":"center center","background-size":"auto","background-attachment":"scroll","background-type":"","background-media":"","overlay-type":"","overlay-color":"","overlay-opacity":"","overlay-gradient":""},"tablet":{"background-color":"","background-image":"","background-repeat":"repeat","background-position":"center center","background-size":"auto","background-attachment":"scroll","background-type":"","background-media":"","overlay-type":"","overlay-color":"","overlay-opacity":"","overlay-gradient":""},"mobile":{"background-color":"","background-image":"","background-repeat":"repeat","background-position":"center center","background-size":"auto","background-attachment":"scroll","background-type":"","background-media":"","overlay-type":"","overlay-color":"","overlay-opacity":"","overlay-gradient":""}},"ast-content-background-meta":{"desktop":{"background-color":"var(--ast-global-color-5)","background-image":"","background-repeat":"repeat","background-position":"center center","background-size":"auto","background-attachment":"scroll","background-type":"","background-media":"","overlay-type":"","overlay-color":"","overlay-opacity":"","overlay-gradient":""},"tablet":{"background-color":"var(--ast-global-color-5)","background-image":"","background-repeat":"repeat","background-position":"center center","background-size":"auto","background-attachment":"scroll","background-type":"","background-media":"","overlay-type":"","overlay-color":"","overlay-opacity":"","overlay-gradient":""},"mobile":{"background-color":"var(--ast-global-color-5)","background-image":"","background-repeat":"repeat","background-position":"center center","background-size":"auto","background-attachment":"scroll","background-type":"","background-media":"","overlay-type":"","overlay-color":"","overlay-opacity":"","overlay-gradient":""}},"_joinchat":[]},"product_brand":[],"product_cat":[38,29],"product_tag":[33,125,135,60,174,35],"class_list":{"0":"post-14292","1":"product","2":"type-product","3":"status-publish","4":"has-post-thumbnail","6":"product_cat-ofertas","7":"product_cat-pantalla-led","8":"product_tag-led","9":"product_tag-exterior","10":"product_tag-interior","11":"product_tag-letrero","12":"product_tag-p6","13":"product_tag-pantalla","14":"desktop-align-left","15":"tablet-align-left","16":"mobile-align-left","18":"first","19":"instock","20":"sale","21":"shipping-taxable","22":"purchasable","23":"product-type-simple"},"jetpack_sharing_enabled":true,"_links":{"self":[{"href":"https:\/\/letrerosled.cl\/index.php\/wp-json\/wp\/v2\/product\/14292","targetHints":{"allow":["GET"]}}],"collection":[{"href":"https:\/\/letrerosled.cl\/index.php\/wp-json\/wp\/v2\/product"}],"about":[{"href":"https:\/\/letrerosled.cl\/index.php\/wp-json\/wp\/v2\/types\/product"}],"replies":[{"embeddable":true,"href":"https:\/\/letrerosled.cl\/index.php\/wp-json\/wp\/v2\/comments?post=14292"}],"wp:featuredmedia":[{"embeddable":true,"href":"https:\/\/letrerosled.cl\/index.php\/wp-json\/wp\/v2\/media\/1072"}],"wp:attachment":[{"href":"https:\/\/letrerosled.cl\/index.php\/wp-json\/wp\/v2\/media?parent=14292"}],"wp:term":[{"taxonomy":"product_brand","embeddable":true,"href":"https:\/\/letrerosled.cl\/index.php\/wp-json\/wp\/v2\/product_brand?post=14292"},{"taxonomy":"product_cat","embeddable":true,"href":"https:\/\/letrerosled.cl\/index.php\/wp-json\/wp\/v2\/product_cat?post=14292"},{"taxonomy":"product_tag","embeddable":true,"href":"https:\/\/letrerosled.cl\/index.php\/wp-json\/wp\/v2\/product_tag?post=14292"}],"curies":[{"name":"wp","href":"https:\/\/api.w.org\/{rel}","templated":true}]}}