{"id":14307,"date":"2023-07-12T18:24:55","date_gmt":"2023-07-12T18:24:55","guid":{"rendered":"http:\/\/letrerosled.cl\/?post_type=product&#038;p=14307"},"modified":"2023-08-10T17:04:47","modified_gmt":"2023-08-10T17:04:47","slug":"disco-pare-solar-12v","status":"publish","type":"product","link":"https:\/\/letrerosled.cl\/index.php\/producto\/disco-pare-solar-12v\/","title":{"rendered":"DISCO PARE SOLAR 12V"},"content":{"rendered":"<p>Caracter\u00edsticas Del Producto:<\/p>\n<p>Panel solar de alta tasa de conversi\u00f3n 17V \/ 4W.<br \/>\nTiempo de trabajo en d\u00edas lluvioso: \uff1e7 days.<br \/>\nLos LED ampl\u00edan la visibilidad de las se\u00f1ales de Tr\u00e1nsito Solar en todas las condiciones clim\u00e1ticas.<br \/>\nPerlas de brillo led, la distancia visual de se\u00f1ales de Tr\u00e1nsito Solar es de m\u00e1s de 800m.<br \/>\nMembrana\uff1aMembrana reflectante de grado de ingenier\u00eda 3M.<br \/>\nMaterial\uff1aAluminio pulido, antioxidante, anticorrosi\u00f3n, buen sellado.<\/p>\n","protected":false},"excerpt":{"rendered":"<p>Caracter\u00edsticas Del Producto: Panel solar de alta tasa de conversi\u00f3n 17V \/ 4W. Tiempo de trabajo en d\u00edas lluvioso: \uff1e7 days. Los LED ampl\u00edan la visibilidad de las se\u00f1ales de Tr\u00e1nsito Solar en todas las condiciones clim\u00e1ticas. Perlas de brillo led, la distancia visual de se\u00f1ales de Tr\u00e1nsito Solar es de m\u00e1s de 800m. Membrana\uff1aMembrana [&hellip;]<\/p>\n","protected":false},"featured_media":359,"comment_status":"closed","ping_status":"closed","template":"","meta":{"site-sidebar-layout":"default","site-content-layout":"default","ast-site-content-layout":"default","site-content-style":"default","site-sidebar-style":"default","ast-global-header-display":"","ast-banner-title-visibility":"","ast-main-header-display":"","ast-hfb-above-header-display":"","ast-hfb-below-header-display":"","ast-hfb-mobile-header-display":"","site-post-title":"","ast-breadcrumbs-content":"","ast-featured-img":"","footer-sml-layout":"","theme-transparent-header-meta":"default","adv-header-id-meta":"","stick-header-meta":"","header-above-stick-meta":"","header-main-stick-meta":"","header-below-stick-meta":"","astra-migrate-meta-layouts":"default","ast-page-background-enabled":"default","ast-page-background-meta":{"desktop":{"background-color":"var(--ast-global-color-4)","background-image":"","background-repeat":"repeat","background-position":"center center","background-size":"auto","background-attachment":"scroll","background-type":"","background-media":"","overlay-type":"","overlay-color":"","overlay-opacity":"","overlay-gradient":""},"tablet":{"background-color":"","background-image":"","background-repeat":"repeat","background-position":"center center","background-size":"auto","background-attachment":"scroll","background-type":"","background-media":"","overlay-type":"","overlay-color":"","overlay-opacity":"","overlay-gradient":""},"mobile":{"background-color":"","background-image":"","background-repeat":"repeat","background-position":"center center","background-size":"auto","background-attachment":"scroll","background-type":"","background-media":"","overlay-type":"","overlay-color":"","overlay-opacity":"","overlay-gradient":""}},"ast-content-background-meta":{"desktop":{"background-color":"var(--ast-global-color-5)","background-image":"","background-repeat":"repeat","background-position":"center center","background-size":"auto","background-attachment":"scroll","background-type":"","background-media":"","overlay-type":"","overlay-color":"","overlay-opacity":"","overlay-gradient":""},"tablet":{"background-color":"var(--ast-global-color-5)","background-image":"","background-repeat":"repeat","background-position":"center center","background-size":"auto","background-attachment":"scroll","background-type":"","background-media":"","overlay-type":"","overlay-color":"","overlay-opacity":"","overlay-gradient":""},"mobile":{"background-color":"var(--ast-global-color-5)","background-image":"","background-repeat":"repeat","background-position":"center center","background-size":"auto","background-attachment":"scroll","background-type":"","background-media":"","overlay-type":"","overlay-color":"","overlay-opacity":"","overlay-gradient":""}},"_joinchat":[]},"product_brand":[],"product_cat":[38,22],"product_tag":[33,120,171,125,89],"class_list":{"0":"post-14307","1":"product","2":"type-product","3":"status-publish","4":"has-post-thumbnail","6":"product_cat-ofertas","7":"product_cat-senaletica-led","8":"product_tag-led","9":"product_tag-12v","10":"product_tag-disco-pare","11":"product_tag-exterior","12":"product_tag-solar","13":"desktop-align-left","14":"tablet-align-left","15":"mobile-align-left","17":"first","18":"instock","19":"sale","20":"shipping-taxable","21":"purchasable","22":"product-type-simple"},"jetpack_sharing_enabled":true,"_links":{"self":[{"href":"https:\/\/letrerosled.cl\/index.php\/wp-json\/wp\/v2\/product\/14307","targetHints":{"allow":["GET"]}}],"collection":[{"href":"https:\/\/letrerosled.cl\/index.php\/wp-json\/wp\/v2\/product"}],"about":[{"href":"https:\/\/letrerosled.cl\/index.php\/wp-json\/wp\/v2\/types\/product"}],"replies":[{"embeddable":true,"href":"https:\/\/letrerosled.cl\/index.php\/wp-json\/wp\/v2\/comments?post=14307"}],"wp:featuredmedia":[{"embeddable":true,"href":"https:\/\/letrerosled.cl\/index.php\/wp-json\/wp\/v2\/media\/359"}],"wp:attachment":[{"href":"https:\/\/letrerosled.cl\/index.php\/wp-json\/wp\/v2\/media?parent=14307"}],"wp:term":[{"taxonomy":"product_brand","embeddable":true,"href":"https:\/\/letrerosled.cl\/index.php\/wp-json\/wp\/v2\/product_brand?post=14307"},{"taxonomy":"product_cat","embeddable":true,"href":"https:\/\/letrerosled.cl\/index.php\/wp-json\/wp\/v2\/product_cat?post=14307"},{"taxonomy":"product_tag","embeddable":true,"href":"https:\/\/letrerosled.cl\/index.php\/wp-json\/wp\/v2\/product_tag?post=14307"}],"curies":[{"name":"wp","href":"https:\/\/api.w.org\/{rel}","templated":true}]}}