{"id":14346,"date":"2023-07-14T15:23:27","date_gmt":"2023-07-14T15:23:27","guid":{"rendered":"http:\/\/letrerosled.cl\/?post_type=product&#038;p=14346"},"modified":"2023-08-08T20:45:12","modified_gmt":"2023-08-08T20:45:12","slug":"2-aplique-solar-simple-3w-ip66","status":"publish","type":"product","link":"https:\/\/letrerosled.cl\/index.php\/producto\/2-aplique-solar-simple-3w-ip66\/","title":{"rendered":"2 APLIQUE SOLAR SIMPLE 3W-IP66"},"content":{"rendered":"<div class=\"summary entry-summary\">\n<div class=\"woocommerce-product-details__short-description\">\n<p>Con el foco solar de 20 Led con sensor de movimiento puede a\u00f1adir un toque de seguridad a su hogar. Es perfecto para puertas de garaje, escaleras, patios y caminos.<\/p>\n<p>\u2022Descripcion: L\u00famenes 350 Certificaci\u00f3n IP65, resistente a lluvias, polvo Con luz en 180 grados Bater\u00eda de Litio interna 2200 mAh Alcance 8 a 10 metros Duraci\u00f3n de hasta 8 horas en modo tenue. Depende de la epoca del a\u00f1o y horas de luz solar<\/p>\n<\/div>\n<div class=\"joinchat__woo-btn__wrapper\">\n<div class=\"joinchat__woo-btn joinchat_app\">Consulte!!<\/div>\n<\/div>\n<form class=\"cart\" action=\"https:\/\/full-led.cl\/index.php\/producto\/aplique-solar-simple-3w\/\" enctype=\"multipart\/form-data\" method=\"post\">\n<div class=\"quantity\"><label class=\"screen-reader-text\" for=\"quantity_64b165b9d1ba2\">2 Aplique Solar si<\/label><\/div>\n<\/form>\n<\/div>\n","protected":false},"excerpt":{"rendered":"<p>Con el foco solar de 20 Led con sensor de movimiento puede a\u00f1adir un toque de seguridad a su hogar. Es perfecto para puertas de garaje, escaleras, patios y caminos. \u2022Descripcion: L\u00famenes 350 Certificaci\u00f3n IP65, resistente a lluvias, polvo Con luz en 180 grados Bater\u00eda de Litio interna 2200 mAh Alcance 8 a 10 metros [&hellip;]<\/p>\n","protected":false},"featured_media":14437,"comment_status":"closed","ping_status":"closed","template":"","meta":{"site-sidebar-layout":"default","site-content-layout":"default","ast-site-content-layout":"default","site-content-style":"default","site-sidebar-style":"default","ast-global-header-display":"","ast-banner-title-visibility":"","ast-main-header-display":"","ast-hfb-above-header-display":"","ast-hfb-below-header-display":"","ast-hfb-mobile-header-display":"","site-post-title":"","ast-breadcrumbs-content":"","ast-featured-img":"","footer-sml-layout":"","theme-transparent-header-meta":"default","adv-header-id-meta":"","stick-header-meta":"","header-above-stick-meta":"","header-main-stick-meta":"","header-below-stick-meta":"","astra-migrate-meta-layouts":"default","ast-page-background-enabled":"default","ast-page-background-meta":{"desktop":{"background-color":"var(--ast-global-color-4)","background-image":"","background-repeat":"repeat","background-position":"center center","background-size":"auto","background-attachment":"scroll","background-type":"","background-media":"","overlay-type":"","overlay-color":"","overlay-opacity":"","overlay-gradient":""},"tablet":{"background-color":"","background-image":"","background-repeat":"repeat","background-position":"center center","background-size":"auto","background-attachment":"scroll","background-type":"","background-media":"","overlay-type":"","overlay-color":"","overlay-opacity":"","overlay-gradient":""},"mobile":{"background-color":"","background-image":"","background-repeat":"repeat","background-position":"center center","background-size":"auto","background-attachment":"scroll","background-type":"","background-media":"","overlay-type":"","overlay-color":"","overlay-opacity":"","overlay-gradient":""}},"ast-content-background-meta":{"desktop":{"background-color":"var(--ast-global-color-5)","background-image":"","background-repeat":"repeat","background-position":"center center","background-size":"auto","background-attachment":"scroll","background-type":"","background-media":"","overlay-type":"","overlay-color":"","overlay-opacity":"","overlay-gradient":""},"tablet":{"background-color":"var(--ast-global-color-5)","background-image":"","background-repeat":"repeat","background-position":"center center","background-size":"auto","background-attachment":"scroll","background-type":"","background-media":"","overlay-type":"","overlay-color":"","overlay-opacity":"","overlay-gradient":""},"mobile":{"background-color":"var(--ast-global-color-5)","background-image":"","background-repeat":"repeat","background-position":"center center","background-size":"auto","background-attachment":"scroll","background-type":"","background-media":"","overlay-type":"","overlay-color":"","overlay-opacity":"","overlay-gradient":""}},"_joinchat":[]},"product_brand":[],"product_cat":[37,38],"product_tag":[137,139,136,138,92,140],"class_list":{"0":"post-14346","1":"product","2":"type-product","3":"status-publish","4":"has-post-thumbnail","6":"product_cat-uluminacion","7":"product_cat-ofertas","8":"product_tag-3w","9":"product_tag-aplique-para-jardin","10":"product_tag-aplique-solar","11":"product_tag-ip66","12":"product_tag-luz-blanca","13":"product_tag-multiled","14":"desktop-align-left","15":"tablet-align-left","16":"mobile-align-left","18":"first","19":"instock","20":"sale","21":"shipping-taxable","22":"purchasable","23":"product-type-simple"},"jetpack_sharing_enabled":true,"_links":{"self":[{"href":"https:\/\/letrerosled.cl\/index.php\/wp-json\/wp\/v2\/product\/14346","targetHints":{"allow":["GET"]}}],"collection":[{"href":"https:\/\/letrerosled.cl\/index.php\/wp-json\/wp\/v2\/product"}],"about":[{"href":"https:\/\/letrerosled.cl\/index.php\/wp-json\/wp\/v2\/types\/product"}],"replies":[{"embeddable":true,"href":"https:\/\/letrerosled.cl\/index.php\/wp-json\/wp\/v2\/comments?post=14346"}],"wp:featuredmedia":[{"embeddable":true,"href":"https:\/\/letrerosled.cl\/index.php\/wp-json\/wp\/v2\/media\/14437"}],"wp:attachment":[{"href":"https:\/\/letrerosled.cl\/index.php\/wp-json\/wp\/v2\/media?parent=14346"}],"wp:term":[{"taxonomy":"product_brand","embeddable":true,"href":"https:\/\/letrerosled.cl\/index.php\/wp-json\/wp\/v2\/product_brand?post=14346"},{"taxonomy":"product_cat","embeddable":true,"href":"https:\/\/letrerosled.cl\/index.php\/wp-json\/wp\/v2\/product_cat?post=14346"},{"taxonomy":"product_tag","embeddable":true,"href":"https:\/\/letrerosled.cl\/index.php\/wp-json\/wp\/v2\/product_tag?post=14346"}],"curies":[{"name":"wp","href":"https:\/\/api.w.org\/{rel}","templated":true}]}}