{"id":14507,"date":"2023-07-21T21:47:15","date_gmt":"2023-07-21T21:47:15","guid":{"rendered":"https:\/\/letrerosled.cl\/?post_type=product&#038;p=14507"},"modified":"2024-02-13T13:45:36","modified_gmt":"2024-02-13T13:45:36","slug":"holograma-3d-wifi","status":"publish","type":"product","link":"https:\/\/letrerosled.cl\/index.php\/producto\/holograma-3d-wifi\/","title":{"rendered":"HOLOGRAMA 3D WIFI"},"content":{"rendered":"<p>HOLOGRAMA 3D<\/p>\n<p>CONFIGURACION WIFI (ANDROID)-(IPHONE)<\/p>\n<p>12V 2A -IMAGENES VIDEOS TEXTOS<\/p>\n<p>&nbsp;<\/p>\n<div id=\"Xfu6ZIaoI4mI5OUPxoaE8Ak__49\">\n<div class=\"wDYxhc\" data-md=\"61\">\n<div class=\"LGOjhe\" role=\"heading\" data-attrid=\"wa:\/description\" aria-level=\"3\" data-hveid=\"CEkQAA\"><span class=\"ILfuVd\" lang=\"es\"><span class=\"hgKElc\">Un holograma es una\u00a0<b>grabaci\u00f3n del mundo real de un patr\u00f3n de interferencia que usa difracci\u00f3n para reproducir un campo de luz 3D<\/b>. Esta grabaci\u00f3n da resultado una imagen que conserva la profundidad y otras propiedades de la escena original.<\/span><\/span><\/div>\n<\/div>\n<\/div>\n<div id=\"Xfu6ZIaoI4mI5OUPxoaE8Ak__50\">\n<div class=\"g\">\n<div lang=\"es\" data-hveid=\"CDEQAA\" data-ved=\"2ahUKEwjGyqLw4aCAAxUJBLkGHUYDAZ4QFSgAegQIMRAA\">\n<div class=\"tF2Cxc\"><\/div>\n<\/div>\n<\/div>\n<\/div>\n","protected":false},"excerpt":{"rendered":"<p>HOLOGRAMA 3D CONFIGURACION WIFI (ANDROID)-(IPHONE) 12V 2A -IMAGENES VIDEOS TEXTOS &nbsp; Un holograma es una\u00a0grabaci\u00f3n del mundo real de un patr\u00f3n de interferencia que usa difracci\u00f3n para reproducir un campo de luz 3D. Esta grabaci\u00f3n da resultado una imagen que conserva la profundidad y otras propiedades de la escena original.<\/p>\n","protected":false},"featured_media":14509,"comment_status":"closed","ping_status":"closed","template":"","meta":{"site-sidebar-layout":"default","site-content-layout":"default","ast-site-content-layout":"default","site-content-style":"default","site-sidebar-style":"default","ast-global-header-display":"","ast-banner-title-visibility":"","ast-main-header-display":"","ast-hfb-above-header-display":"","ast-hfb-below-header-display":"","ast-hfb-mobile-header-display":"","site-post-title":"","ast-breadcrumbs-content":"","ast-featured-img":"","footer-sml-layout":"","theme-transparent-header-meta":"default","adv-header-id-meta":"","stick-header-meta":"","header-above-stick-meta":"","header-main-stick-meta":"","header-below-stick-meta":"","astra-migrate-meta-layouts":"default","ast-page-background-enabled":"default","ast-page-background-meta":{"desktop":{"background-color":"var(--ast-global-color-4)","background-image":"","background-repeat":"repeat","background-position":"center center","background-size":"auto","background-attachment":"scroll","background-type":"","background-media":"","overlay-type":"","overlay-color":"","overlay-opacity":"","overlay-gradient":""},"tablet":{"background-color":"","background-image":"","background-repeat":"repeat","background-position":"center center","background-size":"auto","background-attachment":"scroll","background-type":"","background-media":"","overlay-type":"","overlay-color":"","overlay-opacity":"","overlay-gradient":""},"mobile":{"background-color":"","background-image":"","background-repeat":"repeat","background-position":"center center","background-size":"auto","background-attachment":"scroll","background-type":"","background-media":"","overlay-type":"","overlay-color":"","overlay-opacity":"","overlay-gradient":""}},"ast-content-background-meta":{"desktop":{"background-color":"var(--ast-global-color-5)","background-image":"","background-repeat":"repeat","background-position":"center center","background-size":"auto","background-attachment":"scroll","background-type":"","background-media":"","overlay-type":"","overlay-color":"","overlay-opacity":"","overlay-gradient":""},"tablet":{"background-color":"var(--ast-global-color-5)","background-image":"","background-repeat":"repeat","background-position":"center center","background-size":"auto","background-attachment":"scroll","background-type":"","background-media":"","overlay-type":"","overlay-color":"","overlay-opacity":"","overlay-gradient":""},"mobile":{"background-color":"var(--ast-global-color-5)","background-image":"","background-repeat":"repeat","background-position":"center center","background-size":"auto","background-attachment":"scroll","background-type":"","background-media":"","overlay-type":"","overlay-color":"","overlay-opacity":"","overlay-gradient":""}},"_joinchat":[]},"product_brand":[],"product_cat":[18],"product_tag":[107,106,109,108,110],"class_list":{"0":"post-14507","1":"product","2":"type-product","3":"status-publish","4":"has-post-thumbnail","6":"product_cat-letreros-led-interior","7":"product_tag-3d","8":"product_tag-holograma","9":"product_tag-imagenes","10":"product_tag-proyeccion","11":"product_tag-videos","12":"desktop-align-left","13":"tablet-align-left","14":"mobile-align-left","16":"first","17":"instock","18":"sale","19":"shipping-taxable","20":"purchasable","21":"product-type-simple"},"jetpack_sharing_enabled":true,"_links":{"self":[{"href":"https:\/\/letrerosled.cl\/index.php\/wp-json\/wp\/v2\/product\/14507","targetHints":{"allow":["GET"]}}],"collection":[{"href":"https:\/\/letrerosled.cl\/index.php\/wp-json\/wp\/v2\/product"}],"about":[{"href":"https:\/\/letrerosled.cl\/index.php\/wp-json\/wp\/v2\/types\/product"}],"replies":[{"embeddable":true,"href":"https:\/\/letrerosled.cl\/index.php\/wp-json\/wp\/v2\/comments?post=14507"}],"wp:featuredmedia":[{"embeddable":true,"href":"https:\/\/letrerosled.cl\/index.php\/wp-json\/wp\/v2\/media\/14509"}],"wp:attachment":[{"href":"https:\/\/letrerosled.cl\/index.php\/wp-json\/wp\/v2\/media?parent=14507"}],"wp:term":[{"taxonomy":"product_brand","embeddable":true,"href":"https:\/\/letrerosled.cl\/index.php\/wp-json\/wp\/v2\/product_brand?post=14507"},{"taxonomy":"product_cat","embeddable":true,"href":"https:\/\/letrerosled.cl\/index.php\/wp-json\/wp\/v2\/product_cat?post=14507"},{"taxonomy":"product_tag","embeddable":true,"href":"https:\/\/letrerosled.cl\/index.php\/wp-json\/wp\/v2\/product_tag?post=14507"}],"curies":[{"name":"wp","href":"https:\/\/api.w.org\/{rel}","templated":true}]}}