{"id":14601,"date":"2023-08-02T17:51:44","date_gmt":"2023-08-02T17:51:44","guid":{"rendered":"https:\/\/letrerosled.cl\/?post_type=product&#038;p=14601"},"modified":"2023-08-02T20:56:03","modified_gmt":"2023-08-02T20:56:03","slug":"billeteros-top","status":"publish","type":"product","link":"https:\/\/letrerosled.cl\/index.php\/producto\/billeteros-top\/","title":{"rendered":"BILLETEROS TOP"},"content":{"rendered":"<p>BILLETEROS TOP<\/p>\n<p>Aceptadores de billetes compacto TB74:<\/p>\n<p>Color Negro.<\/p>\n<p>Velocidad de transacci\u00f3n entre 1-2 segundos.<\/p>\n<p>Indicador interface led.<\/p>\n<p>Ancho de acceso billete 62 &#8211; 74mm.<\/p>\n<p>Porcentaje de efectividad o ratio de aceptaci\u00f3n 96%.<\/p>\n<p>Sitio de instalaci\u00f3n: interior.<\/p>\n<p>Fuente poder 12v DC +- 10%.<\/p>\n<p>Poder consumo standby 0.1 &#8211; 0,16A , 1.2W &#8211; 1.9W.<\/p>\n<p>Operaci\u00f3n consumo corriente: 0,5A, 6W.<\/p>\n<p>Operaci\u00f3n consumo m\u00e1ximo: 1.2A , 14,4W.<\/p>\n<p>Temperatura de operaci\u00f3n: 0 &#8211; 60\u00baC.<\/p>\n<p>Humedad de operaci\u00f3n: 20% &#8211; 70%RH. No condensaci\u00f3n.<\/p>\n<p>Peso: 310g.<\/p>\n","protected":false},"excerpt":{"rendered":"<p>BILLETEROS TOP Aceptadores de billetes compacto TB74: Color Negro. Velocidad de transacci\u00f3n entre 1-2 segundos. Indicador interface led. Ancho de acceso billete 62 &#8211; 74mm. Porcentaje de efectividad o ratio de aceptaci\u00f3n 96%. Sitio de instalaci\u00f3n: interior. Fuente poder 12v DC +- 10%. Poder consumo standby 0.1 &#8211; 0,16A , 1.2W &#8211; 1.9W. Operaci\u00f3n consumo [&hellip;]<\/p>\n","protected":false},"featured_media":14602,"comment_status":"closed","ping_status":"closed","template":"","meta":{"site-sidebar-layout":"default","site-content-layout":"default","ast-site-content-layout":"default","site-content-style":"default","site-sidebar-style":"default","ast-global-header-display":"","ast-banner-title-visibility":"","ast-main-header-display":"","ast-hfb-above-header-display":"","ast-hfb-below-header-display":"","ast-hfb-mobile-header-display":"","site-post-title":"","ast-breadcrumbs-content":"","ast-featured-img":"","footer-sml-layout":"","theme-transparent-header-meta":"default","adv-header-id-meta":"","stick-header-meta":"","header-above-stick-meta":"","header-main-stick-meta":"","header-below-stick-meta":"","astra-migrate-meta-layouts":"default","ast-page-background-enabled":"default","ast-page-background-meta":{"desktop":{"background-color":"var(--ast-global-color-4)","background-image":"","background-repeat":"repeat","background-position":"center center","background-size":"auto","background-attachment":"scroll","background-type":"","background-media":"","overlay-type":"","overlay-color":"","overlay-opacity":"","overlay-gradient":""},"tablet":{"background-color":"","background-image":"","background-repeat":"repeat","background-position":"center center","background-size":"auto","background-attachment":"scroll","background-type":"","background-media":"","overlay-type":"","overlay-color":"","overlay-opacity":"","overlay-gradient":""},"mobile":{"background-color":"","background-image":"","background-repeat":"repeat","background-position":"center center","background-size":"auto","background-attachment":"scroll","background-type":"","background-media":"","overlay-type":"","overlay-color":"","overlay-opacity":"","overlay-gradient":""}},"ast-content-background-meta":{"desktop":{"background-color":"var(--ast-global-color-5)","background-image":"","background-repeat":"repeat","background-position":"center center","background-size":"auto","background-attachment":"scroll","background-type":"","background-media":"","overlay-type":"","overlay-color":"","overlay-opacity":"","overlay-gradient":""},"tablet":{"background-color":"var(--ast-global-color-5)","background-image":"","background-repeat":"repeat","background-position":"center center","background-size":"auto","background-attachment":"scroll","background-type":"","background-media":"","overlay-type":"","overlay-color":"","overlay-opacity":"","overlay-gradient":""},"mobile":{"background-color":"var(--ast-global-color-5)","background-image":"","background-repeat":"repeat","background-position":"center center","background-size":"auto","background-attachment":"scroll","background-type":"","background-media":"","overlay-type":"","overlay-color":"","overlay-opacity":"","overlay-gradient":""}},"_joinchat":[]},"product_brand":[],"product_cat":[39,38],"product_tag":[44,48,45,46,47],"class_list":{"0":"post-14601","1":"product","2":"type-product","3":"status-publish","4":"has-post-thumbnail","6":"product_cat-maquinas-de-juego","7":"product_cat-ofertas","8":"product_tag-billeteros","9":"product_tag-billetero","10":"product_tag-maquina","11":"product_tag-tragamoneda","12":"product_tag-video-juego","13":"desktop-align-left","14":"tablet-align-left","15":"mobile-align-left","17":"first","18":"instock","19":"sale","20":"shipping-taxable","21":"purchasable","22":"product-type-simple"},"jetpack_sharing_enabled":true,"_links":{"self":[{"href":"https:\/\/letrerosled.cl\/index.php\/wp-json\/wp\/v2\/product\/14601","targetHints":{"allow":["GET"]}}],"collection":[{"href":"https:\/\/letrerosled.cl\/index.php\/wp-json\/wp\/v2\/product"}],"about":[{"href":"https:\/\/letrerosled.cl\/index.php\/wp-json\/wp\/v2\/types\/product"}],"replies":[{"embeddable":true,"href":"https:\/\/letrerosled.cl\/index.php\/wp-json\/wp\/v2\/comments?post=14601"}],"wp:featuredmedia":[{"embeddable":true,"href":"https:\/\/letrerosled.cl\/index.php\/wp-json\/wp\/v2\/media\/14602"}],"wp:attachment":[{"href":"https:\/\/letrerosled.cl\/index.php\/wp-json\/wp\/v2\/media?parent=14601"}],"wp:term":[{"taxonomy":"product_brand","embeddable":true,"href":"https:\/\/letrerosled.cl\/index.php\/wp-json\/wp\/v2\/product_brand?post=14601"},{"taxonomy":"product_cat","embeddable":true,"href":"https:\/\/letrerosled.cl\/index.php\/wp-json\/wp\/v2\/product_cat?post=14601"},{"taxonomy":"product_tag","embeddable":true,"href":"https:\/\/letrerosled.cl\/index.php\/wp-json\/wp\/v2\/product_tag?post=14601"}],"curies":[{"name":"wp","href":"https:\/\/api.w.org\/{rel}","templated":true}]}}