{"id":14607,"date":"2023-08-03T15:34:28","date_gmt":"2023-08-03T15:34:28","guid":{"rendered":"https:\/\/letrerosled.cl\/?post_type=product&#038;p=14607"},"modified":"2024-02-13T13:42:34","modified_gmt":"2024-02-13T13:42:34","slug":"kit-4-camaras-con-dvr-disco-duro-1tb","status":"publish","type":"product","link":"https:\/\/letrerosled.cl\/index.php\/producto\/kit-4-camaras-con-dvr-disco-duro-1tb\/","title":{"rendered":"KIT 4 CAMARAS CON DVR DISCO DURO 1TB"},"content":{"rendered":"<p>KIT DE 4 CAMARAS\u00a0 DVR CON DISCO DURO 1TB<\/p>\n<p>Este kit de circuito de televisi\u00f3n H.264 DVR de grabaci\u00f3n en tiempo real. Interior exterior impermeable d\u00eda y noche son c\u00e1maras de vigilancia que brindan todo lo necesario para tener el sistema de vigilancia en servicio en su hogar o negocio<br \/>\n&#8211; Soporte de gran capacidad de almacenamiento<br \/>\n&#8211; Este dispositivo completamente integrado almacena la informaci\u00f3n en un disco duro instalado en el interior del DVR , el cual NO se encuentra incluido, soportando una capacidad M\u00e1xima de 1TB.<br \/>\n&#8211; Este DVR independiente se basa en un sistema operativo Linux e incluye un control remoto para una f\u00e1cil configuraci\u00f3n y operaci\u00f3n<br \/>\n&#8211; El DVR tambi\u00e9n incluye el monitoreo a tiempo real desde una aplicaci\u00f3n para celular Android y IOS<\/p>\n<p>Caracter\u00edsticas t\u00e9cnicas :<br \/>\n&#8211; Comprensi\u00f3n de video H.264<br \/>\n&#8211; Sistema de video<br \/>\n&#8211; NTSC \\PAL<br \/>\n&#8211; Funcionamiento del sistema<br \/>\n&#8211; Linux Based<br \/>\n&#8211; Entrada\/Salida video<br \/>\n&#8211; BNC 4 canales de entrada \/ Salida<br \/>\n&#8211; VGA<br \/>\n&#8211; Frame Rate<br \/>\n&#8211; NTSC : 240 fps@ D1\/ PAL :200 fas @ D1<br \/>\n&#8211; Resoluci\u00f3n de la pantalla : NTSC : D 720X480\/ PAL : D1 704 X576<br \/>\n&#8211; Velocidad de grabaci\u00f3n : NTSC :30 fps @ 1CH D1\/ 210 fps CIF 7CH<br \/>\n&#8211; Medidas de cables de conexi\u00f3n : 12 mts aprox<\/p>\n","protected":false},"excerpt":{"rendered":"<p>KIT DE 4 CAMARAS\u00a0 DVR CON DISCO DURO 1TB Este kit de circuito de televisi\u00f3n H.264 DVR de grabaci\u00f3n en tiempo real. Interior exterior impermeable d\u00eda y noche son c\u00e1maras de vigilancia que brindan todo lo necesario para tener el sistema de vigilancia en servicio en su hogar o negocio &#8211; Soporte de gran capacidad [&hellip;]<\/p>\n","protected":false},"featured_media":14608,"comment_status":"closed","ping_status":"closed","template":"","meta":{"site-sidebar-layout":"default","site-content-layout":"default","ast-site-content-layout":"default","site-content-style":"default","site-sidebar-style":"default","ast-global-header-display":"","ast-banner-title-visibility":"","ast-main-header-display":"","ast-hfb-above-header-display":"","ast-hfb-below-header-display":"","ast-hfb-mobile-header-display":"","site-post-title":"","ast-breadcrumbs-content":"","ast-featured-img":"","footer-sml-layout":"","theme-transparent-header-meta":"default","adv-header-id-meta":"","stick-header-meta":"","header-above-stick-meta":"","header-main-stick-meta":"","header-below-stick-meta":"","astra-migrate-meta-layouts":"default","ast-page-background-enabled":"default","ast-page-background-meta":{"desktop":{"background-color":"var(--ast-global-color-4)","background-image":"","background-repeat":"repeat","background-position":"center center","background-size":"auto","background-attachment":"scroll","background-type":"","background-media":"","overlay-type":"","overlay-color":"","overlay-opacity":"","overlay-gradient":""},"tablet":{"background-color":"","background-image":"","background-repeat":"repeat","background-position":"center center","background-size":"auto","background-attachment":"scroll","background-type":"","background-media":"","overlay-type":"","overlay-color":"","overlay-opacity":"","overlay-gradient":""},"mobile":{"background-color":"","background-image":"","background-repeat":"repeat","background-position":"center center","background-size":"auto","background-attachment":"scroll","background-type":"","background-media":"","overlay-type":"","overlay-color":"","overlay-opacity":"","overlay-gradient":""}},"ast-content-background-meta":{"desktop":{"background-color":"var(--ast-global-color-5)","background-image":"","background-repeat":"repeat","background-position":"center center","background-size":"auto","background-attachment":"scroll","background-type":"","background-media":"","overlay-type":"","overlay-color":"","overlay-opacity":"","overlay-gradient":""},"tablet":{"background-color":"var(--ast-global-color-5)","background-image":"","background-repeat":"repeat","background-position":"center center","background-size":"auto","background-attachment":"scroll","background-type":"","background-media":"","overlay-type":"","overlay-color":"","overlay-opacity":"","overlay-gradient":""},"mobile":{"background-color":"var(--ast-global-color-5)","background-image":"","background-repeat":"repeat","background-position":"center center","background-size":"auto","background-attachment":"scroll","background-type":"","background-media":"","overlay-type":"","overlay-color":"","overlay-opacity":"","overlay-gradient":""}},"_joinchat":[]},"product_brand":[],"product_cat":[36,38],"product_tag":[49,51,56,55,57],"class_list":{"0":"post-14607","1":"product","2":"type-product","3":"status-publish","4":"has-post-thumbnail","6":"product_cat-camaras-de-seguridad","7":"product_cat-ofertas","8":"product_tag-camaras","9":"product_tag-moritoneo","10":"product_tag-te-estamos-filmando","11":"product_tag-todo-controlado","12":"product_tag-vigilancia","13":"desktop-align-left","14":"tablet-align-left","15":"mobile-align-left","17":"first","18":"instock","19":"sale","20":"shipping-taxable","21":"purchasable","22":"product-type-simple"},"jetpack_sharing_enabled":true,"_links":{"self":[{"href":"https:\/\/letrerosled.cl\/index.php\/wp-json\/wp\/v2\/product\/14607","targetHints":{"allow":["GET"]}}],"collection":[{"href":"https:\/\/letrerosled.cl\/index.php\/wp-json\/wp\/v2\/product"}],"about":[{"href":"https:\/\/letrerosled.cl\/index.php\/wp-json\/wp\/v2\/types\/product"}],"replies":[{"embeddable":true,"href":"https:\/\/letrerosled.cl\/index.php\/wp-json\/wp\/v2\/comments?post=14607"}],"wp:featuredmedia":[{"embeddable":true,"href":"https:\/\/letrerosled.cl\/index.php\/wp-json\/wp\/v2\/media\/14608"}],"wp:attachment":[{"href":"https:\/\/letrerosled.cl\/index.php\/wp-json\/wp\/v2\/media?parent=14607"}],"wp:term":[{"taxonomy":"product_brand","embeddable":true,"href":"https:\/\/letrerosled.cl\/index.php\/wp-json\/wp\/v2\/product_brand?post=14607"},{"taxonomy":"product_cat","embeddable":true,"href":"https:\/\/letrerosled.cl\/index.php\/wp-json\/wp\/v2\/product_cat?post=14607"},{"taxonomy":"product_tag","embeddable":true,"href":"https:\/\/letrerosled.cl\/index.php\/wp-json\/wp\/v2\/product_tag?post=14607"}],"curies":[{"name":"wp","href":"https:\/\/api.w.org\/{rel}","templated":true}]}}