{"id":14677,"date":"2023-08-16T20:32:21","date_gmt":"2023-08-16T20:32:21","guid":{"rendered":"https:\/\/letrerosled.cl\/?post_type=product&#038;p=14677"},"modified":"2025-01-18T15:35:45","modified_gmt":"2025-01-18T15:35:45","slug":"modulo-p10-rgb","status":"publish","type":"product","link":"https:\/\/letrerosled.cl\/index.php\/producto\/modulo-p10-rgb\/","title":{"rendered":"M\u00f3dulo Led RGB P10 de alto brillo 320mm x 160mm 1\/4 Panel de visualizaci\u00f3n Led de publicidad de escaneo con Hub75"},"content":{"rendered":"<p>MODULO P10 RGB\u00a0 DE ALTO BRILLO<\/p>\n<p>&nbsp;<\/p>\n<p><strong><span data-spm-anchor-id=\"a2g0o.detail.1000023.i0.8984vEgyvEgyCb\">M\u00f3dulo Led RGB P10 de alto brillo 320mm x 160mm 1\/4 Panel de visualizaci\u00f3n Led de publicidad de escaneo con Hub75<\/span><\/strong><\/p>\n<table border=\"1\" cellspacing=\"0\" cellpadding=\"0\">\n<tbody>\n<tr>\n<td>\n<p data-spm-anchor-id=\"a2g0o.detail.1000023.i1.8984vEgyvEgyCb\">Pixel Pitch<\/p>\n<\/td>\n<td>10mm<\/td>\n<\/tr>\n<tr>\n<td>Densidad de p\u00edxeles<\/td>\n<td>10000 puntos\/m 2<\/td>\n<\/tr>\n<tr>\n<td>Configuraci\u00f3n de Color<\/td>\n<td>RGB 3 en 1<\/td>\n<\/tr>\n<tr>\n<td>LED paquete<\/td>\n<td>SMD3535<\/td>\n<\/tr>\n<tr>\n<td>Tama\u00f1o del m\u00f3dulo<\/td>\n<td>320mm x 160mm<\/td>\n<\/tr>\n<tr>\n<td>Modo de<\/td>\n<td>Escaneo 1\/4, corriente constante<\/td>\n<\/tr>\n<tr>\n<td>Distancia de visi\u00f3n<\/td>\n<td>10m-100m<\/td>\n<\/tr>\n<tr>\n<td>\u00c1ngulo de visi\u00f3n<\/td>\n<td>H: 120 \u00b0; V:120 \u00b0<\/td>\n<\/tr>\n<tr>\n<td>Tasa de actualizaci\u00f3n<\/td>\n<td>2000HZ<\/td>\n<\/tr>\n<tr>\n<td>Escala de grises<\/td>\n<td>Colores de 16,7 M (sincronizados)<\/td>\n<\/tr>\n<tr>\n<td>Temperatura de Color<\/td>\n<td>R.G.B brillo 256 nivel ajustable<\/td>\n<\/tr>\n<tr>\n<td>Potencia de entrada<\/td>\n<td>DC-5V<\/td>\n<\/tr>\n<tr>\n<td>Avenida de consumo de energ\u00eda<\/td>\n<td>250W\/m 2<\/td>\n<\/tr>\n<tr>\n<td>Temperatura de trabajo<\/td>\n<td>-20 ~ + 65 grados<\/td>\n<\/tr>\n<tr>\n<td>Punto ciego de<\/td>\n<td>&lt;1\/10000<\/td>\n<\/tr>\n<tr>\n<td>MTBF<\/td>\n<td>&gt; 10.000 horas<\/td>\n<\/tr>\n<tr>\n<td>Impermeable<\/td>\n<td>IP65<\/td>\n<\/tr>\n<tr>\n<td>Humedad de funcionamiento<\/td>\n<td>10% ~ 95%<\/td>\n<\/tr>\n<\/tbody>\n<\/table>\n<p>&nbsp;<\/p>\n<p>&nbsp;<\/p>\n","protected":false},"excerpt":{"rendered":"<p>MODULO P10 RGB\u00a0 DE ALTO BRILLO &nbsp; M\u00f3dulo Led RGB P10 de alto brillo 320mm x 160mm 1\/4 Panel de visualizaci\u00f3n Led de publicidad de escaneo con Hub75 Pixel Pitch 10mm Densidad de p\u00edxeles 10000 puntos\/m 2 Configuraci\u00f3n de Color RGB 3 en 1 LED paquete SMD3535 Tama\u00f1o del m\u00f3dulo 320mm x 160mm Modo de [&hellip;]<\/p>\n","protected":false},"featured_media":14678,"comment_status":"closed","ping_status":"closed","template":"","meta":{"site-sidebar-layout":"default","site-content-layout":"default","ast-site-content-layout":"default","site-content-style":"default","site-sidebar-style":"default","ast-global-header-display":"","ast-banner-title-visibility":"","ast-main-header-display":"","ast-hfb-above-header-display":"","ast-hfb-below-header-display":"","ast-hfb-mobile-header-display":"","site-post-title":"","ast-breadcrumbs-content":"","ast-featured-img":"","footer-sml-layout":"","theme-transparent-header-meta":"default","adv-header-id-meta":"","stick-header-meta":"","header-above-stick-meta":"","header-main-stick-meta":"","header-below-stick-meta":"","astra-migrate-meta-layouts":"default","ast-page-background-enabled":"default","ast-page-background-meta":{"desktop":{"background-color":"var(--ast-global-color-4)","background-image":"","background-repeat":"repeat","background-position":"center center","background-size":"auto","background-attachment":"scroll","background-type":"","background-media":"","overlay-type":"","overlay-color":"","overlay-opacity":"","overlay-gradient":""},"tablet":{"background-color":"","background-image":"","background-repeat":"repeat","background-position":"center center","background-size":"auto","background-attachment":"scroll","background-type":"","background-media":"","overlay-type":"","overlay-color":"","overlay-opacity":"","overlay-gradient":""},"mobile":{"background-color":"","background-image":"","background-repeat":"repeat","background-position":"center center","background-size":"auto","background-attachment":"scroll","background-type":"","background-media":"","overlay-type":"","overlay-color":"","overlay-opacity":"","overlay-gradient":""}},"ast-content-background-meta":{"desktop":{"background-color":"var(--ast-global-color-5)","background-image":"","background-repeat":"repeat","background-position":"center center","background-size":"auto","background-attachment":"scroll","background-type":"","background-media":"","overlay-type":"","overlay-color":"","overlay-opacity":"","overlay-gradient":""},"tablet":{"background-color":"var(--ast-global-color-5)","background-image":"","background-repeat":"repeat","background-position":"center center","background-size":"auto","background-attachment":"scroll","background-type":"","background-media":"","overlay-type":"","overlay-color":"","overlay-opacity":"","overlay-gradient":""},"mobile":{"background-color":"var(--ast-global-color-5)","background-image":"","background-repeat":"repeat","background-position":"center center","background-size":"auto","background-attachment":"scroll","background-type":"","background-media":"","overlay-type":"","overlay-color":"","overlay-opacity":"","overlay-gradient":""}},"_joinchat":[]},"product_brand":[],"product_cat":[38,18],"product_tag":[173,125,60,172,35,61,96],"class_list":{"0":"post-14677","1":"product","2":"type-product","3":"status-publish","4":"has-post-thumbnail","6":"product_cat-ofertas","7":"product_cat-letreros-led-interior","8":"product_tag-c-marco","9":"product_tag-exterior","10":"product_tag-letrero","11":"product_tag-modulo","12":"product_tag-pantalla","13":"product_tag-proyecto","14":"product_tag-rgb","15":"desktop-align-left","16":"tablet-align-left","17":"mobile-align-left","19":"first","20":"instock","21":"sale","22":"shipping-taxable","23":"purchasable","24":"product-type-simple"},"jetpack_sharing_enabled":true,"_links":{"self":[{"href":"https:\/\/letrerosled.cl\/index.php\/wp-json\/wp\/v2\/product\/14677","targetHints":{"allow":["GET"]}}],"collection":[{"href":"https:\/\/letrerosled.cl\/index.php\/wp-json\/wp\/v2\/product"}],"about":[{"href":"https:\/\/letrerosled.cl\/index.php\/wp-json\/wp\/v2\/types\/product"}],"replies":[{"embeddable":true,"href":"https:\/\/letrerosled.cl\/index.php\/wp-json\/wp\/v2\/comments?post=14677"}],"wp:featuredmedia":[{"embeddable":true,"href":"https:\/\/letrerosled.cl\/index.php\/wp-json\/wp\/v2\/media\/14678"}],"wp:attachment":[{"href":"https:\/\/letrerosled.cl\/index.php\/wp-json\/wp\/v2\/media?parent=14677"}],"wp:term":[{"taxonomy":"product_brand","embeddable":true,"href":"https:\/\/letrerosled.cl\/index.php\/wp-json\/wp\/v2\/product_brand?post=14677"},{"taxonomy":"product_cat","embeddable":true,"href":"https:\/\/letrerosled.cl\/index.php\/wp-json\/wp\/v2\/product_cat?post=14677"},{"taxonomy":"product_tag","embeddable":true,"href":"https:\/\/letrerosled.cl\/index.php\/wp-json\/wp\/v2\/product_tag?post=14677"}],"curies":[{"name":"wp","href":"https:\/\/api.w.org\/{rel}","templated":true}]}}